{"id":1496,"date":"2024-11-04T08:20:13","date_gmt":"2024-11-04T08:20:13","guid":{"rendered":"https:\/\/hubfolio.themescamp.com\/startup-agency\/?page_id=1496"},"modified":"2026-03-25T09:15:32","modified_gmt":"2026-03-25T09:15:32","slug":"services","status":"publish","type":"page","link":"https:\/\/fonecloud.io\/ro\/services\/","title":{"rendered":"Servicii"},"content":{"rendered":"<div data-elementor-type=\"wp-page\" data-elementor-id=\"1496\" class=\"elementor elementor-1496\" data-elementor-post-type=\"page\">\n\t\t\t\t<div class=\"elementor-element elementor-element-7edd93a2 e-con-full e-flex e-con e-parent\" data-id=\"7edd93a2\" data-element_type=\"container\" data-e-type=\"container\" data-settings=\"{&quot;tc_container_hover_selector&quot;:&quot;container&quot;,&quot;tc_container_background_parallax&quot;:&quot;no&quot;,&quot;tcg_advanced_hover&quot;:&quot;no&quot;,&quot;tc_dark_mode_responsive_hide_in_dark&quot;:&quot;no&quot;,&quot;tc_dark_mode_responsive_hide_in_light&quot;:&quot;no&quot;}\">\n\t\t<div class=\"elementor-element elementor-element-2e0fce07 e-flex e-con-boxed e-con e-child\" data-id=\"2e0fce07\" data-element_type=\"container\" data-e-type=\"container\" data-settings=\"{&quot;tc_container_hover_selector&quot;:&quot;container&quot;,&quot;tc_container_background_parallax&quot;:&quot;no&quot;,&quot;tcg_advanced_hover&quot;:&quot;no&quot;,&quot;tc_dark_mode_responsive_hide_in_dark&quot;:&quot;no&quot;,&quot;tc_dark_mode_responsive_hide_in_light&quot;:&quot;no&quot;}\">\n\t\t\t\t\t<div class=\"e-con-inner\">\n\t\t<div class=\"elementor-element elementor-element-528bffa7 e-con-full e-flex e-con e-child\" data-id=\"528bffa7\" data-element_type=\"container\" data-e-type=\"container\" data-settings=\"{&quot;tc_container_hover_selector&quot;:&quot;container&quot;,&quot;tc_container_background_parallax&quot;:&quot;no&quot;,&quot;tcg_advanced_hover&quot;:&quot;no&quot;,&quot;tc_dark_mode_responsive_hide_in_dark&quot;:&quot;no&quot;,&quot;tc_dark_mode_responsive_hide_in_light&quot;:&quot;no&quot;}\">\n\t\t\t\t<div class=\"elementor-element elementor-element-5ca46ec6 elementor-widget elementor-widget-tcgelements-heading\" data-id=\"5ca46ec6\" data-element_type=\"widget\" data-e-type=\"widget\" data-settings=\"{&quot;tc_dark_mode_responsive_hide_in_dark&quot;:&quot;no&quot;,&quot;tc_dark_mode_responsive_hide_in_light&quot;:&quot;no&quot;}\" data-widget_type=\"tcgelements-heading.default\">\n\t\t\t\t<div class=\"elementor-widget-container\">\n\t\t\t\t\t        <div class=\"tcgelements-heading-text heading-selector-type-heading\" >\r\n            <h2 class=\"tcgelements-heading elementor-size-default tcgelements-text-breakline\"><span>Serviciile noastre<\/span> Oferim peste 2.700 de rute VoIP directe, termin\u00e2nd traficul \u00een peste 170 de \u021b\u0103ri din \u00eentreaga lume. <\/h2>        <\/div>\r\n\r\n        \t\t\t\t<\/div>\n\t\t\t\t<\/div>\n\t\t\t\t<\/div>\n\t\t<div class=\"elementor-element elementor-element-311d392d e-con-full e-flex e-con e-child\" data-id=\"311d392d\" data-element_type=\"container\" data-e-type=\"container\" data-settings=\"{&quot;tc_container_hover_selector&quot;:&quot;container&quot;,&quot;tc_container_background_parallax&quot;:&quot;no&quot;,&quot;tcg_advanced_hover&quot;:&quot;no&quot;,&quot;tc_dark_mode_responsive_hide_in_dark&quot;:&quot;no&quot;,&quot;tc_dark_mode_responsive_hide_in_light&quot;:&quot;no&quot;}\">\n\t\t<div class=\"elementor-element elementor-element-369e9e81 e-con-full e-flex e-con e-child\" data-id=\"369e9e81\" data-element_type=\"container\" data-e-type=\"container\" data-settings=\"{&quot;tc_container_hover_selector&quot;:&quot;container&quot;,&quot;tc_container_background_parallax&quot;:&quot;no&quot;,&quot;tcg_advanced_hover&quot;:&quot;no&quot;,&quot;tc_dark_mode_responsive_hide_in_dark&quot;:&quot;no&quot;,&quot;tc_dark_mode_responsive_hide_in_light&quot;:&quot;no&quot;}\">\n\t\t\t\t<div class=\"elementor-element elementor-element-b0ccbb6 elementor-widget elementor-widget-image\" data-id=\"b0ccbb6\" data-element_type=\"widget\" data-e-type=\"widget\" data-settings=\"{&quot;tc_dark_mode_responsive_hide_in_dark&quot;:&quot;no&quot;,&quot;tc_dark_mode_responsive_hide_in_light&quot;:&quot;no&quot;}\" data-widget_type=\"image.default\">\n\t\t\t\t\t\t\t\t\t\t\t\t\t\t\t<img fetchpriority=\"high\" decoding=\"async\" width=\"1000\" height=\"665\" src=\"https:\/\/fonecloud.io\/wp-content\/uploads\/2026\/03\/19986.jpg\" class=\"attachment-large size-large wp-image-2199\" alt=\"\" loading=\"eager\" \/>\t\t\t\t\t\t\t\t\t\t\t\t\t\t\t<\/div>\n\t\t\t\t<\/div>\n\t\t<div class=\"elementor-element elementor-element-0044504 e-con-full e-flex e-con e-child\" data-id=\"0044504\" data-element_type=\"container\" data-e-type=\"container\" data-settings=\"{&quot;tc_container_hover_selector&quot;:&quot;container&quot;,&quot;tc_container_background_parallax&quot;:&quot;no&quot;,&quot;tcg_advanced_hover&quot;:&quot;no&quot;,&quot;tc_dark_mode_responsive_hide_in_dark&quot;:&quot;no&quot;,&quot;tc_dark_mode_responsive_hide_in_light&quot;:&quot;no&quot;}\">\n\t\t\t\t<div class=\"elementor-element elementor-element-e6a95a6 elementor-widget elementor-widget-heading\" data-id=\"e6a95a6\" data-element_type=\"widget\" data-e-type=\"widget\" data-settings=\"{&quot;tc_dark_mode_responsive_hide_in_dark&quot;:&quot;no&quot;,&quot;tc_dark_mode_responsive_hide_in_light&quot;:&quot;no&quot;}\" data-widget_type=\"heading.default\">\n\t\t\t\t\t<h2 class=\"elementor-heading-title elementor-size-default\">Cu peste 30 de ani de experien\u021b\u0103 testat\u0103 \u0219i verificat\u0103, serviciile noastre sunt construite pe o funda\u021bie de calitate \u0219i fiabilitate de neegalat. Asisten\u021ba noastr\u0103 dedicat\u0103 este disponibil\u0103 24\/7, 365 de zile pe an, asigur\u00e2ndu-v\u0103 c\u0103 primi\u021bi asisten\u021b\u0103 continu\u0103 ori de c\u00e2te ori ave\u021bi nevoie. Cu birouri pe mai multe continente, suntem \u00eentotdeauna preg\u0103ti\u021bi s\u0103 oferim cel mai \u00eenalt nivel de asisten\u021b\u0103 \u0219i s\u0103 ne asigur\u0103m c\u0103 nevoile dumneavoastr\u0103 de comunicare sunt satisf\u0103cute cu excelen\u021b\u0103.<\/h2>\t\t\t\t<\/div>\n\t\t\t\t<\/div>\n\t\t\t\t<\/div>\n\t\t\t\t\t<\/div>\n\t\t\t\t<\/div>\n\t\t<div class=\"elementor-element elementor-element-56c87c6a e-con-full e-flex e-con e-child\" data-id=\"56c87c6a\" data-element_type=\"container\" data-e-type=\"container\" data-settings=\"{&quot;tc_container_hover_selector&quot;:&quot;container&quot;,&quot;tc_container_background_parallax&quot;:&quot;no&quot;,&quot;tcg_advanced_hover&quot;:&quot;no&quot;,&quot;tc_dark_mode_responsive_hide_in_dark&quot;:&quot;no&quot;,&quot;tc_dark_mode_responsive_hide_in_light&quot;:&quot;no&quot;}\">\n\t\t\t\t<div class=\"elementor-element elementor-element-184545ef elementor-widget__width-inherit elementor-absolute elementor-widget-divider--view-line elementor-widget elementor-widget-divider\" data-id=\"184545ef\" data-element_type=\"widget\" data-e-type=\"widget\" data-settings=\"{&quot;_position&quot;:&quot;absolute&quot;,&quot;tc_dark_mode_responsive_hide_in_dark&quot;:&quot;no&quot;,&quot;tc_dark_mode_responsive_hide_in_light&quot;:&quot;no&quot;}\" data-widget_type=\"divider.default\">\n\t\t\t\t\t\t\t<div class=\"elementor-divider\">\n\t\t\t<span class=\"elementor-divider-separator\">\n\t\t\t\t\t\t<\/span>\n\t\t<\/div>\n\t\t\t\t\t\t<\/div>\n\t\t\t\t<\/div>\n\t\t\t\t<\/div>\n\t\t<div class=\"elementor-element elementor-element-685c2f2a e-con-full e-flex e-con e-child\" data-id=\"685c2f2a\" data-element_type=\"container\" data-e-type=\"container\" data-settings=\"{&quot;tc_container_hover_selector&quot;:&quot;container&quot;,&quot;tc_container_background_parallax&quot;:&quot;no&quot;,&quot;tcg_advanced_hover&quot;:&quot;no&quot;,&quot;tc_dark_mode_responsive_hide_in_dark&quot;:&quot;no&quot;,&quot;tc_dark_mode_responsive_hide_in_light&quot;:&quot;no&quot;}\">\n\t\t<div class=\"elementor-element elementor-element-312aff3a e-flex e-con-boxed e-con e-child\" data-id=\"312aff3a\" data-element_type=\"container\" data-e-type=\"container\" data-settings=\"{&quot;tc_container_hover_selector&quot;:&quot;container&quot;,&quot;tc_container_background_parallax&quot;:&quot;no&quot;,&quot;tcg_advanced_hover&quot;:&quot;no&quot;,&quot;tc_dark_mode_responsive_hide_in_dark&quot;:&quot;no&quot;,&quot;tc_dark_mode_responsive_hide_in_light&quot;:&quot;no&quot;}\">\n\t\t\t\t\t<div class=\"e-con-inner\">\n\t\t<div class=\"elementor-element elementor-element-67a0a6bf e-con-full e-flex e-con e-child\" data-id=\"67a0a6bf\" data-element_type=\"container\" data-e-type=\"container\" data-settings=\"{&quot;tc_container_hover_selector&quot;:&quot;container&quot;,&quot;tc_container_background_parallax&quot;:&quot;no&quot;,&quot;tcg_advanced_hover&quot;:&quot;no&quot;,&quot;tc_dark_mode_responsive_hide_in_dark&quot;:&quot;no&quot;,&quot;tc_dark_mode_responsive_hide_in_light&quot;:&quot;no&quot;}\">\n\t\t\t\t<div class=\"elementor-element elementor-element-50f2694 animated-slow elementor-invisible elementor-widget elementor-widget-heading\" data-id=\"50f2694\" data-element_type=\"widget\" data-e-type=\"widget\" data-settings=\"{&quot;_animation&quot;:&quot;fadeInUp&quot;,&quot;_animation_delay&quot;:200,&quot;tc_dark_mode_responsive_hide_in_dark&quot;:&quot;no&quot;,&quot;tc_dark_mode_responsive_hide_in_light&quot;:&quot;no&quot;}\" data-widget_type=\"heading.default\">\n\t\t\t\t\t<h2 class=\"elementor-heading-title elementor-size-default\">Rute VoIP directe en-gros de \u00eenalt\u0103 calitate. Oferim peste 2700 de conexiuni directe testate \u0219i verificate, deservind peste 164 de \u021b\u0103ri.<\/h2>\t\t\t\t<\/div>\n\t\t\t\t<\/div>\n\t\t<div class=\"elementor-element elementor-element-485c4e07 e-con-full e-flex e-con e-child\" data-id=\"485c4e07\" data-element_type=\"container\" data-e-type=\"container\" data-settings=\"{&quot;tc_container_hover_selector&quot;:&quot;container&quot;,&quot;tc_container_background_parallax&quot;:&quot;no&quot;,&quot;tcg_advanced_hover&quot;:&quot;no&quot;,&quot;tc_dark_mode_responsive_hide_in_dark&quot;:&quot;no&quot;,&quot;tc_dark_mode_responsive_hide_in_light&quot;:&quot;no&quot;}\">\n\t\t<div class=\"elementor-element elementor-element-3f2c5e53 e-con-full e-flex e-con e-child\" data-id=\"3f2c5e53\" data-element_type=\"container\" data-e-type=\"container\" data-settings=\"{&quot;tc_container_hover_selector&quot;:&quot;container&quot;,&quot;tc_container_background_parallax&quot;:&quot;no&quot;,&quot;tcg_advanced_hover&quot;:&quot;no&quot;,&quot;tc_dark_mode_responsive_hide_in_dark&quot;:&quot;no&quot;,&quot;tc_dark_mode_responsive_hide_in_light&quot;:&quot;no&quot;}\">\n\t\t<div class=\"elementor-element elementor-element-2381cc33 e-con-full animated-slow e-flex elementor-invisible e-con e-child\" data-id=\"2381cc33\" data-element_type=\"container\" data-e-type=\"container\" data-settings=\"{&quot;animation&quot;:&quot;fadeInUp&quot;,&quot;animation_delay&quot;:200,&quot;tc_container_hover_selector&quot;:&quot;container&quot;,&quot;tc_container_background_parallax&quot;:&quot;no&quot;,&quot;tcg_advanced_hover&quot;:&quot;no&quot;,&quot;tc_dark_mode_responsive_hide_in_dark&quot;:&quot;no&quot;,&quot;tc_dark_mode_responsive_hide_in_light&quot;:&quot;no&quot;}\">\n\t\t\t\t<div class=\"elementor-element elementor-element-257c46f6 elementor-widget elementor-widget-heading\" data-id=\"257c46f6\" data-element_type=\"widget\" data-e-type=\"widget\" data-settings=\"{&quot;tc_dark_mode_responsive_hide_in_dark&quot;:&quot;no&quot;,&quot;tc_dark_mode_responsive_hide_in_light&quot;:&quot;no&quot;}\" data-widget_type=\"heading.default\">\n\t\t\t\t\t<h2 class=\"elementor-heading-title elementor-size-default\">Peste 2700 de videoclipuri directe de \u00eenalt\u0103 calitate<\/h2>\t\t\t\t<\/div>\n\t\t\t\t<div class=\"elementor-element elementor-element-1ae83439 elementor-widget elementor-widget-tcgelements-heading\" data-id=\"1ae83439\" data-element_type=\"widget\" data-e-type=\"widget\" data-settings=\"{&quot;tc_dark_mode_responsive_hide_in_dark&quot;:&quot;no&quot;,&quot;tc_dark_mode_responsive_hide_in_light&quot;:&quot;no&quot;}\" data-widget_type=\"tcgelements-heading.default\">\n\t\t\t\t<div class=\"elementor-widget-container\">\n\t\t\t\t\t        <div class=\"tcgelements-heading-text heading-selector-type-heading\" >\r\n            <h2 class=\"tcgelements-heading elementor-size-default tcgelements-text-breakline\">2700<span>Rute<\/span><\/h2>        <\/div>\r\n\r\n        \t\t\t\t<\/div>\n\t\t\t\t<\/div>\n\t\t\t\t<div class=\"elementor-element elementor-element-1b400cdc elementor-widget__width-initial elementor-absolute elementor-widget-divider--view-line elementor-widget elementor-widget-divider\" data-id=\"1b400cdc\" data-element_type=\"widget\" data-e-type=\"widget\" data-settings=\"{&quot;_position&quot;:&quot;absolute&quot;,&quot;tc_dark_mode_responsive_hide_in_dark&quot;:&quot;no&quot;,&quot;tc_dark_mode_responsive_hide_in_light&quot;:&quot;no&quot;}\" data-widget_type=\"divider.default\">\n\t\t\t\t\t\t\t<div class=\"elementor-divider\">\n\t\t\t<span class=\"elementor-divider-separator\">\n\t\t\t\t\t\t<\/span>\n\t\t<\/div>\n\t\t\t\t\t\t<\/div>\n\t\t<div class=\"elementor-element elementor-element-b5bbe71 e-con-full e-flex e-con e-child\" data-id=\"b5bbe71\" data-element_type=\"container\" data-e-type=\"container\" data-settings=\"{&quot;background_background&quot;:&quot;classic&quot;,&quot;position&quot;:&quot;absolute&quot;,&quot;tc_container_hover_selector&quot;:&quot;container&quot;,&quot;tc_container_background_parallax&quot;:&quot;no&quot;,&quot;tcg_advanced_hover&quot;:&quot;no&quot;,&quot;tc_dark_mode_responsive_hide_in_dark&quot;:&quot;no&quot;,&quot;tc_dark_mode_responsive_hide_in_light&quot;:&quot;no&quot;}\">\n\t\t\t\t<\/div>\n\t\t\t\t<\/div>\n\t\t\t\t<\/div>\n\t\t<div class=\"elementor-element elementor-element-50ebc94f e-con-full e-flex e-con e-child\" data-id=\"50ebc94f\" data-element_type=\"container\" data-e-type=\"container\" data-settings=\"{&quot;tc_container_hover_selector&quot;:&quot;container&quot;,&quot;tc_container_background_parallax&quot;:&quot;no&quot;,&quot;tcg_advanced_hover&quot;:&quot;no&quot;,&quot;tc_dark_mode_responsive_hide_in_dark&quot;:&quot;no&quot;,&quot;tc_dark_mode_responsive_hide_in_light&quot;:&quot;no&quot;}\">\n\t\t<div class=\"elementor-element elementor-element-76575f2d e-con-full animated-slow e-flex elementor-invisible e-con e-child\" data-id=\"76575f2d\" data-element_type=\"container\" data-e-type=\"container\" data-settings=\"{&quot;animation&quot;:&quot;fadeInUp&quot;,&quot;animation_delay&quot;:200,&quot;tc_container_hover_selector&quot;:&quot;container&quot;,&quot;tc_container_background_parallax&quot;:&quot;no&quot;,&quot;tcg_advanced_hover&quot;:&quot;no&quot;,&quot;tc_dark_mode_responsive_hide_in_dark&quot;:&quot;no&quot;,&quot;tc_dark_mode_responsive_hide_in_light&quot;:&quot;no&quot;}\">\n\t\t\t\t<div class=\"elementor-element elementor-element-90ab46e elementor-widget elementor-widget-heading\" data-id=\"90ab46e\" data-element_type=\"widget\" data-e-type=\"widget\" data-settings=\"{&quot;tc_dark_mode_responsive_hide_in_dark&quot;:&quot;no&quot;,&quot;tc_dark_mode_responsive_hide_in_light&quot;:&quot;no&quot;}\" data-widget_type=\"heading.default\">\n\t\t\t\t\t<h2 class=\"elementor-heading-title elementor-size-default\">Experien\u0163\u0103<\/h2>\t\t\t\t<\/div>\n\t\t\t\t<div class=\"elementor-element elementor-element-1fa0d6f7 elementor-widget elementor-widget-tcgelements-heading\" data-id=\"1fa0d6f7\" data-element_type=\"widget\" data-e-type=\"widget\" data-settings=\"{&quot;tc_dark_mode_responsive_hide_in_dark&quot;:&quot;no&quot;,&quot;tc_dark_mode_responsive_hide_in_light&quot;:&quot;no&quot;}\" data-widget_type=\"tcgelements-heading.default\">\n\t\t\t\t<div class=\"elementor-widget-container\">\n\t\t\t\t\t        <div class=\"tcgelements-heading-text heading-selector-type-heading\" >\r\n            <h2 class=\"tcgelements-heading elementor-size-default tcgelements-text-breakline\">30<span>Ani<\/span><\/h2>        <\/div>\r\n\r\n        \t\t\t\t<\/div>\n\t\t\t\t<\/div>\n\t\t\t\t<div class=\"elementor-element elementor-element-817dd81 elementor-widget__width-initial elementor-absolute elementor-widget-divider--view-line elementor-widget elementor-widget-divider\" data-id=\"817dd81\" data-element_type=\"widget\" data-e-type=\"widget\" data-settings=\"{&quot;_position&quot;:&quot;absolute&quot;,&quot;tc_dark_mode_responsive_hide_in_dark&quot;:&quot;no&quot;,&quot;tc_dark_mode_responsive_hide_in_light&quot;:&quot;no&quot;}\" data-widget_type=\"divider.default\">\n\t\t\t\t\t\t\t<div class=\"elementor-divider\">\n\t\t\t<span class=\"elementor-divider-separator\">\n\t\t\t\t\t\t<\/span>\n\t\t<\/div>\n\t\t\t\t\t\t<\/div>\n\t\t<div class=\"elementor-element elementor-element-5c58c0db e-con-full e-flex e-con e-child\" data-id=\"5c58c0db\" data-element_type=\"container\" data-e-type=\"container\" data-settings=\"{&quot;background_background&quot;:&quot;classic&quot;,&quot;position&quot;:&quot;absolute&quot;,&quot;tc_container_hover_selector&quot;:&quot;container&quot;,&quot;tc_container_background_parallax&quot;:&quot;no&quot;,&quot;tcg_advanced_hover&quot;:&quot;no&quot;,&quot;tc_dark_mode_responsive_hide_in_dark&quot;:&quot;no&quot;,&quot;tc_dark_mode_responsive_hide_in_light&quot;:&quot;no&quot;}\">\n\t\t\t\t<\/div>\n\t\t\t\t<\/div>\n\t\t\t\t<\/div>\n\t\t<div class=\"elementor-element elementor-element-5de4dae2 e-con-full e-flex e-con e-child\" data-id=\"5de4dae2\" data-element_type=\"container\" data-e-type=\"container\" data-settings=\"{&quot;tc_container_hover_selector&quot;:&quot;container&quot;,&quot;tc_container_background_parallax&quot;:&quot;no&quot;,&quot;tcg_advanced_hover&quot;:&quot;no&quot;,&quot;tc_dark_mode_responsive_hide_in_dark&quot;:&quot;no&quot;,&quot;tc_dark_mode_responsive_hide_in_light&quot;:&quot;no&quot;}\">\n\t\t<div class=\"elementor-element elementor-element-1150c31c e-con-full animated-slow e-flex elementor-invisible e-con e-child\" data-id=\"1150c31c\" data-element_type=\"container\" data-e-type=\"container\" data-settings=\"{&quot;animation&quot;:&quot;fadeInUp&quot;,&quot;animation_delay&quot;:600,&quot;tc_container_hover_selector&quot;:&quot;container&quot;,&quot;tc_container_background_parallax&quot;:&quot;no&quot;,&quot;tcg_advanced_hover&quot;:&quot;no&quot;,&quot;tc_dark_mode_responsive_hide_in_dark&quot;:&quot;no&quot;,&quot;tc_dark_mode_responsive_hide_in_light&quot;:&quot;no&quot;}\">\n\t\t\t\t<div class=\"elementor-element elementor-element-11598c52 elementor-widget elementor-widget-heading\" data-id=\"11598c52\" data-element_type=\"widget\" data-e-type=\"widget\" data-settings=\"{&quot;tc_dark_mode_responsive_hide_in_dark&quot;:&quot;no&quot;,&quot;tc_dark_mode_responsive_hide_in_light&quot;:&quot;no&quot;}\" data-widget_type=\"heading.default\">\n\t\t\t\t\t<h2 class=\"elementor-heading-title elementor-size-default\">Rela\u021bii cu clien\u021bii<\/h2>\t\t\t\t<\/div>\n\t\t\t\t<div class=\"elementor-element elementor-element-3071a872 elementor-widget elementor-widget-tcgelements-heading\" data-id=\"3071a872\" data-element_type=\"widget\" data-e-type=\"widget\" data-settings=\"{&quot;tc_dark_mode_responsive_hide_in_dark&quot;:&quot;no&quot;,&quot;tc_dark_mode_responsive_hide_in_light&quot;:&quot;no&quot;}\" data-widget_type=\"tcgelements-heading.default\">\n\t\t\t\t<div class=\"elementor-widget-container\">\n\t\t\t\t\t        <div class=\"tcgelements-heading-text heading-selector-type-heading\" >\r\n            <h2 class=\"tcgelements-heading elementor-size-default tcgelements-text-breakline\">24\/7 365<span>Sprijin<\/span><\/h2>        <\/div>\r\n\r\n        \t\t\t\t<\/div>\n\t\t\t\t<\/div>\n\t\t\t\t<div class=\"elementor-element elementor-element-d4fa33a elementor-widget__width-initial elementor-absolute elementor-widget-divider--view-line elementor-widget elementor-widget-divider\" data-id=\"d4fa33a\" data-element_type=\"widget\" data-e-type=\"widget\" data-settings=\"{&quot;_position&quot;:&quot;absolute&quot;,&quot;tc_dark_mode_responsive_hide_in_dark&quot;:&quot;no&quot;,&quot;tc_dark_mode_responsive_hide_in_light&quot;:&quot;no&quot;}\" data-widget_type=\"divider.default\">\n\t\t\t\t\t\t\t<div class=\"elementor-divider\">\n\t\t\t<span class=\"elementor-divider-separator\">\n\t\t\t\t\t\t<\/span>\n\t\t<\/div>\n\t\t\t\t\t\t<\/div>\n\t\t<div class=\"elementor-element elementor-element-13d590d1 e-con-full e-flex e-con e-child\" data-id=\"13d590d1\" data-element_type=\"container\" data-e-type=\"container\" data-settings=\"{&quot;background_background&quot;:&quot;classic&quot;,&quot;position&quot;:&quot;absolute&quot;,&quot;tc_container_hover_selector&quot;:&quot;container&quot;,&quot;tc_container_background_parallax&quot;:&quot;no&quot;,&quot;tcg_advanced_hover&quot;:&quot;no&quot;,&quot;tc_dark_mode_responsive_hide_in_dark&quot;:&quot;no&quot;,&quot;tc_dark_mode_responsive_hide_in_light&quot;:&quot;no&quot;}\">\n\t\t\t\t<\/div>\n\t\t\t\t<\/div>\n\t\t\t\t<\/div>\n\t\t\t\t<\/div>\n\t\t\t\t\t<\/div>\n\t\t\t\t<\/div>\n\t\t\t\t<\/div>\n\t\t\t\t<\/div>","protected":false},"excerpt":{"rendered":"<p>Our Services We offer over 2,700 direct VoIP routes, terminating traffic in more than 170 countries worldwide. With over 30 years of tried and tested expertise, our services are built on a foundation of unparalleled quality and reliability. Our dedicated service support is available 24\/7, 365 days a year, ensuring you receive continuous assistance whenever needed. With offices across multiple &hellip;<\/p>","protected":false},"author":1,"featured_media":0,"parent":0,"menu_order":0,"comment_status":"closed","ping_status":"closed","template":"blank-builder.php","meta":{"footnotes":""},"class_list":["post-1496","page","type-page","status-publish","hentry"],"_links":{"self":[{"href":"https:\/\/fonecloud.io\/ro\/wp-json\/wp\/v2\/pages\/1496","targetHints":{"allow":["GET"]}}],"collection":[{"href":"https:\/\/fonecloud.io\/ro\/wp-json\/wp\/v2\/pages"}],"about":[{"href":"https:\/\/fonecloud.io\/ro\/wp-json\/wp\/v2\/types\/page"}],"author":[{"embeddable":true,"href":"https:\/\/fonecloud.io\/ro\/wp-json\/wp\/v2\/users\/1"}],"replies":[{"embeddable":true,"href":"https:\/\/fonecloud.io\/ro\/wp-json\/wp\/v2\/comments?post=1496"}],"version-history":[{"count":13,"href":"https:\/\/fonecloud.io\/ro\/wp-json\/wp\/v2\/pages\/1496\/revisions"}],"predecessor-version":[{"id":2265,"href":"https:\/\/fonecloud.io\/ro\/wp-json\/wp\/v2\/pages\/1496\/revisions\/2265"}],"wp:attachment":[{"href":"https:\/\/fonecloud.io\/ro\/wp-json\/wp\/v2\/media?parent=1496"}],"curies":[{"name":"wp","href":"https:\/\/api.w.org\/{rel}","templated":true}]}}